{"id":1281,"date":"2015-06-03T10:54:41","date_gmt":"2015-06-03T08:54:41","guid":{"rendered":"http:\/\/www.gaetanorossi.com\/?page_id=1281"},"modified":"2015-06-03T10:54:41","modified_gmt":"2015-06-03T08:54:41","slug":"cookie-policy","status":"publish","type":"page","link":"https:\/\/www.gaetanorossi.com\/en\/cookie-policy\/","title":{"rendered":"Cookie Policy"},"content":{"rendered":"<p>Questo sito utilizza cookie, anche di terze parti, per migliorarne l&#8217;esperienza di navigazione\u00a0agli utenti.<\/p>\n<p>I cookies utilizzati in questo sito rientrano nelle categorie descritte di seguito.<br \/>\nSe prosegui nella navigazione acconsenti all&#8217;utilizzo dei cookie.<br \/>\nIn qualunque momento \u00e8 possibile disabilitare i cookies presenti sul browser; ti ricordiamo che quest&#8217;opzione potrebbe limitare molte delle funzionalit\u00e0 di navigazione del sito.<\/p>\n<p><strong>Istruzioni disabilitazione cookies dai browsers<\/strong><br \/>\n<em>Se si utilizza Internet Explorer<\/em><br \/>\nIn Internet Explorer, fare clic su &#8220;Strumenti&#8221; poi &#8220;Opzioni Internet&#8221;. Nella scheda Privacy, spostare il cursore verso l&#8217;alto per bloccare tutti i cookie o verso il basso per consentire a tutti i cookie, e quindi fare clic su OK.<\/p>\n<p><em>Se si utilizza il browser Firefox<\/em><br \/>\nVai al menu &#8220;Strumenti&#8221; del browser e selezionare il menu &#8220;Opzioni&#8221;. Fare clic sulla scheda &#8220;Privacy&#8221;, deselezionare la casella &#8220;Accetta cookie&#8221; e fare clic su OK.<\/p>\n<p><em>Se si utilizza il browser Safari<\/em><br \/>\nDal browser Safari, selezionare il menu &#8220;Modifica&#8221; e selezionare &#8220;Preferences&#8221;. Clicca su &#8220;Privacy&#8221;. Posizionare l&#8217;impostazione &#8220;cookies Block&#8221; su sempre e fare clic su OK.<\/p>\n<p><em>Se si utilizza il browser Google Chrome<\/em><br \/>\nFai clic sul menu Chrome nella barra degli strumenti del browser. Selezionare &#8220;Impostazioni&#8221;. Fare clic su &#8220;Mostra impostazioni avanzate&#8221;. Nella sezione &#8220;Privacy&#8221;, fai clic sul pulsante &#8220;Impostazioni contenuti&#8221;. Nella sezione &#8220;Cookies&#8221;, selezionare &#8220;Non consentire ai siti per memorizzare i dati&#8221; e di controllo &#8220;cookie di blocco e di terze parti i dati sito&#8221;, e quindi fare clic su OK.<\/p>\n<p>Se usi un qualsiasi altro browser, cerca nelle Impostazioni del browser la modalit\u00e0 di gestione dei cookies.<\/p>\n<p><strong>Cosa sono i cookies<\/strong><br \/>\nI cookies sono piccoli file di testo che vengono automaticamente posizionati sul PC del navigatore all&#8217;interno del browser. Essi contengono informazioni di base sulla navigazione in Internet e grazie al browser vengono riconosciuti ogni volta che l&#8217;utente visita il sito.<\/p>\n<p><strong>Gestione dei cookie<\/strong><\/p>\n<p><strong>Cookie tecnici<\/strong><\/p>\n<p><strong>Attivit\u00e0 strettamente necessarie al funzionamento<\/strong><br \/>\nQuesti cookies hanno natura tecnica e permettono al sito di funzionare correttamente. Ad esempio, mantengono l&#8217;utente collegato durante la navigazione evitando che il sito richieda di collegarsi pi\u00f9 volte per accedere alle pagine successive.<\/p>\n<p><strong>Attivit\u00e0 di salvataggio delle preferenze<\/strong><br \/>\nQuesti cookie permettono di ricordare le preferenze selezionate dall&#8217;utente durante la navigazione, ad esempio, consentono di impostare la lingua.<\/p>\n<p><strong>Attivit\u00e0 Statistiche e di Misurazione dell&#8217;audience<\/strong><br \/>\nQuesti cookie ci aiutano a capire, attraverso dati raccolti in forma anonima e aggregata, come gli utenti interagiscono con i nostri siti internet fornendoci informazioni relative alle sezioni visitate, il tempo trascorso sul sito, eventuali malfunzionamenti. Questo ci aiuta a migliorare la resa dei nostri siti internet.<\/p>\n<p><strong>Cookie Statistici e di Misurazione dell&#8217;audience di terza parte<br \/>\n<\/strong>Questi cookie (servizi web di terza parte) forniscono informazioni anonime \/ aggregate sul modo in cui i visitatori navigano sul sito. Di seguito i link alle rispettive pagine di privacy policy.<\/p>\n<p>Adobe &#8211; Adobe Analytics: sistema di statistiche \u00a0&#8211; Cookies analitici &#8211; <a href=\"http:\/\/www.adobe.com\/privacy\/policy.html\">privacy policy<\/a><\/p>\n<p><strong>Cookie di social media sharing<\/strong><\/p>\n<p>Questi cookie di terza parte vengono utilizzati per integrare alcune diffuse funzionalit\u00e0 dei principali social media e fornirle all&#8217;interno del sito. In particolare permettono la registrazione e l&#8217;autenticazione sul sito tramite facebook e google connect, la condivisione e i commenti di pagine del sito sui social, abilitano le funzionalit\u00e0 del &#8220;mi piace&#8221; su Facebook e del &#8220;+1&#8221; su G+.<\/p>\n<p>Di seguito i link alle rispettive pagine di privacy policy.<\/p>\n<p>Facebook \u00a0&#8211; social media \u00a0&#8211; <a href=\"https:\/\/www.facebook.com\/about\/privacy\/\" target=\"_blank\">privacy policy<\/a><br \/>\nGoogle + \u00a0 &#8211; social media \u00a0&#8211; <a href=\"https:\/\/www.google.com\/intl\/it\/policies\/\" target=\"_blank\">privacy policy<\/a><br \/>\nYoutube \u00a0 \u00a0&#8211; social media \u00a0&#8211; <a href=\"https:\/\/www.youtube.com\/static?template=privacy_guidelines\" target=\"_blank\">privacy policy<\/a><br \/>\nTwitter \u00a0 \u00a0 \u00a0&#8211; social media \u00a0&#8211; <a href=\"https:\/\/twitter.com\/privacy?lang=it\" target=\"_blank\">privacy policy<\/a><br \/>\nPinterest \u00a0 &#8211; social media \u00a0&#8211; <a href=\"https:\/\/about.pinterest.com\/it\/privacy-policy\" target=\"_blank\">privacy policy<\/a><br \/>\nInstagram\u00a0&#8211; social media \u00a0&#8211; <a href=\"https:\/\/instagram.com\/about\/legal\/privacy\/\">privacy policy<\/a><\/p>\n<p>Titolare del trattamento<br \/>\nAi sensi dell&#8217;articolo 13 del Codice Privacy, La informiamo che l&#8217;impresa titolare del sito indicata in calce al sito medesimo \u00e8 il titolare del trattamento (di seguito &#8220;Titolare&#8221;) dei dati. Il trattamento dei dati personali verr\u00e0 effettuato nel rispetto dei requisiti di riservatezza e delle pi\u00f9 idonee misure di sicurezza, come indicate dal Codice Privacy.<br \/>\nNella Sua qualit\u00e0 di interessato del trattamento, Le \u00e8 garantito l&#8217;esercizio dei diritti di cui all&#8217;art. 7 del D.Lgs. 196\/03, tra i quali il diritto di ottenere dal Titolare del trattamento la conferma dell&#8217;esistenza dei Suoi dati personali e la loro comunicazione in forma intelligibile, di conoscere le modalit\u00e0 e le logiche del trattamento, di richiedere l&#8217;aggiornamento e l&#8217;integrazione dei dati stessi, la loro cancellazione o trasformazione in forma anonima, in caso di violazione di legge, nonch\u00e8, di opporsi al loro trattamento. Tali diritti potranno essere esercitati rivolgendosi in qualsiasi momento per iscritto al Titolare del trattamento, presso la sua sede indicata nel sito internet medesimo.<\/p>\n","protected":false},"excerpt":{"rendered":"<p>Questo sito utilizza cookie, anche di terze parti, per migliorarne l&#8217;esperienza di navigazione\u00a0agli utenti. I cookies utilizzati in questo sito rientrano nelle categorie descritte di seguito. Se prosegui nella navigazione acconsenti all&#8217;utilizzo dei cookie. In [&hellip;]<\/p>\n","protected":false},"author":4,"featured_media":0,"parent":0,"menu_order":0,"comment_status":"open","ping_status":"open","template":"","meta":[],"yoast_head":"<!-- This site is optimized with the Yoast SEO plugin v18.5.1 - https:\/\/yoast.com\/wordpress\/plugins\/seo\/ -->\n<title>Cookie Policy -<\/title>\n<meta name=\"robots\" content=\"index, follow, max-snippet:-1, max-image-preview:large, max-video-preview:-1\" \/>\n<link rel=\"canonical\" href=\"https:\/\/www.gaetanorossi.com\/cookie-policy\/\" \/>\n<meta property=\"og:locale\" content=\"en_US\" \/>\n<meta property=\"og:type\" content=\"article\" \/>\n<meta property=\"og:title\" content=\"Cookie Policy -\" \/>\n<meta property=\"og:description\" content=\"Questo sito utilizza cookie, anche di terze parti, per migliorarne l&#8217;esperienza di navigazione\u00a0agli utenti. I cookies utilizzati in questo sito rientrano nelle categorie descritte di seguito. Se prosegui nella navigazione acconsenti all&#8217;utilizzo dei cookie. In [&hellip;]\" \/>\n<meta property=\"og:url\" content=\"https:\/\/www.gaetanorossi.com\/cookie-policy\/\" \/>\n<meta name=\"twitter:card\" content=\"summary_large_image\" \/>\n<meta name=\"twitter:label1\" content=\"Est. reading time\" \/>\n\t<meta name=\"twitter:data1\" content=\"4 minutes\" \/>\n<script type=\"application\/ld+json\" class=\"yoast-schema-graph\">{\"@context\":\"https:\/\/schema.org\",\"@graph\":[{\"@type\":\"WebSite\",\"@id\":\"https:\/\/www.gaetanorossi.com\/#website\",\"url\":\"https:\/\/www.gaetanorossi.com\/\",\"name\":\"\",\"description\":\"\",\"potentialAction\":[{\"@type\":\"SearchAction\",\"target\":{\"@type\":\"EntryPoint\",\"urlTemplate\":\"https:\/\/www.gaetanorossi.com\/?s={search_term_string}\"},\"query-input\":\"required name=search_term_string\"}],\"inLanguage\":\"en-US\"},{\"@type\":\"WebPage\",\"@id\":\"https:\/\/www.gaetanorossi.com\/cookie-policy\/#webpage\",\"url\":\"https:\/\/www.gaetanorossi.com\/cookie-policy\/\",\"name\":\"Cookie Policy -\",\"isPartOf\":{\"@id\":\"https:\/\/www.gaetanorossi.com\/#website\"},\"datePublished\":\"2015-06-03T08:54:41+00:00\",\"dateModified\":\"2015-06-03T08:54:41+00:00\",\"breadcrumb\":{\"@id\":\"https:\/\/www.gaetanorossi.com\/cookie-policy\/#breadcrumb\"},\"inLanguage\":\"en-US\",\"potentialAction\":[{\"@type\":\"ReadAction\",\"target\":[\"https:\/\/www.gaetanorossi.com\/cookie-policy\/\"]}]},{\"@type\":\"BreadcrumbList\",\"@id\":\"https:\/\/www.gaetanorossi.com\/cookie-policy\/#breadcrumb\",\"itemListElement\":[{\"@type\":\"ListItem\",\"position\":1,\"name\":\"Home\",\"item\":\"https:\/\/www.gaetanorossi.com\/\"},{\"@type\":\"ListItem\",\"position\":2,\"name\":\"Cookie Policy\"}]}]}<\/script>\n<!-- \/ Yoast SEO plugin. -->","yoast_head_json":{"title":"Cookie Policy -","robots":{"index":"index","follow":"follow","max-snippet":"max-snippet:-1","max-image-preview":"max-image-preview:large","max-video-preview":"max-video-preview:-1"},"canonical":"https:\/\/www.gaetanorossi.com\/cookie-policy\/","og_locale":"en_US","og_type":"article","og_title":"Cookie Policy -","og_description":"Questo sito utilizza cookie, anche di terze parti, per migliorarne l&#8217;esperienza di navigazione\u00a0agli utenti. I cookies utilizzati in questo sito rientrano nelle categorie descritte di seguito. Se prosegui nella navigazione acconsenti all&#8217;utilizzo dei cookie. In [&hellip;]","og_url":"https:\/\/www.gaetanorossi.com\/cookie-policy\/","twitter_card":"summary_large_image","twitter_misc":{"Est. reading time":"4 minutes"},"schema":{"@context":"https:\/\/schema.org","@graph":[{"@type":"WebSite","@id":"https:\/\/www.gaetanorossi.com\/#website","url":"https:\/\/www.gaetanorossi.com\/","name":"","description":"","potentialAction":[{"@type":"SearchAction","target":{"@type":"EntryPoint","urlTemplate":"https:\/\/www.gaetanorossi.com\/?s={search_term_string}"},"query-input":"required name=search_term_string"}],"inLanguage":"en-US"},{"@type":"WebPage","@id":"https:\/\/www.gaetanorossi.com\/cookie-policy\/#webpage","url":"https:\/\/www.gaetanorossi.com\/cookie-policy\/","name":"Cookie Policy -","isPartOf":{"@id":"https:\/\/www.gaetanorossi.com\/#website"},"datePublished":"2015-06-03T08:54:41+00:00","dateModified":"2015-06-03T08:54:41+00:00","breadcrumb":{"@id":"https:\/\/www.gaetanorossi.com\/cookie-policy\/#breadcrumb"},"inLanguage":"en-US","potentialAction":[{"@type":"ReadAction","target":["https:\/\/www.gaetanorossi.com\/cookie-policy\/"]}]},{"@type":"BreadcrumbList","@id":"https:\/\/www.gaetanorossi.com\/cookie-policy\/#breadcrumb","itemListElement":[{"@type":"ListItem","position":1,"name":"Home","item":"https:\/\/www.gaetanorossi.com\/"},{"@type":"ListItem","position":2,"name":"Cookie Policy"}]}]}},"_links":{"self":[{"href":"https:\/\/www.gaetanorossi.com\/en\/wp-json\/wp\/v2\/pages\/1281"}],"collection":[{"href":"https:\/\/www.gaetanorossi.com\/en\/wp-json\/wp\/v2\/pages"}],"about":[{"href":"https:\/\/www.gaetanorossi.com\/en\/wp-json\/wp\/v2\/types\/page"}],"author":[{"embeddable":true,"href":"https:\/\/www.gaetanorossi.com\/en\/wp-json\/wp\/v2\/users\/4"}],"replies":[{"embeddable":true,"href":"https:\/\/www.gaetanorossi.com\/en\/wp-json\/wp\/v2\/comments?post=1281"}],"version-history":[{"count":0,"href":"https:\/\/www.gaetanorossi.com\/en\/wp-json\/wp\/v2\/pages\/1281\/revisions"}],"wp:attachment":[{"href":"https:\/\/www.gaetanorossi.com\/en\/wp-json\/wp\/v2\/media?parent=1281"}],"curies":[{"name":"wp","href":"https:\/\/api.w.org\/{rel}","templated":true}]}}